{"id":2,"date":"2016-05-10T03:48:21","date_gmt":"2016-05-10T03:48:21","guid":{"rendered":"http:\/\/www.hifi-workshop.com\/?page_id=2"},"modified":"2026-04-02T16:06:58","modified_gmt":"2026-04-02T16:06:58","slug":"sample-page","status":"publish","type":"page","link":"https:\/\/www.hifi-workshop.com\/?page_id=2","title":{"rendered":"\u00dcber mich"},"content":{"rendered":"<div style=\"margin-top: -50px;\">\u00a0<\/div>\n\n\n<p class=\"has-text-align-center\"><span class=\"has-inline-color has-black-color\">Herzlich Willkommen auf meiner Homepage, mit welcher ich Einblicke in meine Werkstatt, Labor sowie meiner Arbeit im HiFi-Bereich erm\u00f6glichen m\u00f6chte.<\/span><\/p>\n\n\n\n<p class=\"has-text-align-center\"><span class=\"has-inline-color has-black-color\">Ich arbeite seit \u00fcber 22 Jahren Hauptberuflich im (Audio-)Elektronikbereich und habe vorallem privat und als Hobby den High-End Hi-Fi Bereich f\u00fcr mich entdecken k\u00f6nnen<\/span><\/p>\n\n\n\n<p class=\"has-text-align-center\"><span class=\"has-inline-color has-black-color\">Inzwischen sind schon zig tausende Euro aus meinem privatem Budget in meine Werkstattausr\u00fcstung geflossen<\/span><\/p>\n\n\n\n<p class=\"has-text-align-center\"><span class=\"has-inline-color has-black-color\">Was mich besonders traurig stimmt ist die Tatsache das Techniker bzw. Elektroniker im Audiobereich immer rarer werden und das KnowHow zur Reparatur und Wartung der entsprechenden Ger\u00e4te auszusterben droht.<br>Kaum jemand nimmt sich  noch um komplexe F\u00e4lle an.<\/span><\/p>\n\n\n\n<p class=\"has-text-align-center\"><span class=\"has-inline-color has-black-color\">Sollten Sie fragen haben, Hilfe zu einer Reparatur ben\u00f6tigen oder auf der Suche nach seltenen Ersatzteilen sein, k\u00f6nnen Sie mich jederzeit und gerne kontaktieren.<\/span><\/p>\n\n\n\n<p class=\"has-text-align-center\"><span class=\"has-inline-color has-black-color\">Weiters m\u00f6chte ich gleich an dieser Stelle hinweisen, dass es sich hierbei um ein reines privates Projekt handelt. Meine Arbeiten erfolgen aus purem Enthusiasmus und Freude an der Materie.<br>Ich \u00fcbernehme keinerlei Haftung oder Verantwortung!<\/span><\/p>\n\n\n<div style=\"margin-top: 0px; text-align: center;\">\u00a0<\/div>\n\n\n<p><\/p>\n","protected":false},"excerpt":{"rendered":"<p>\u00a0 Herzlich Willkommen auf meiner Homepage, mit welcher ich Einblicke in meine Werkstatt, Labor sowie meiner Arbeit im HiFi-Bereich erm\u00f6glichen m\u00f6chte. Ich arbeite seit \u00fcber 22 Jahren Hauptberuflich im (Audio-)Elektronikbereich und habe vorallem privat und als Hobby den High-End Hi-Fi Bereich f\u00fcr mich entdecken k\u00f6nnen Inzwischen sind schon zig tausende Euro aus meinem privatem Budget&hellip; <br \/> <a class=\"read-more\" href=\"https:\/\/www.hifi-workshop.com\/?page_id=2\">Weiterlesen<\/a><\/p>\n","protected":false},"author":1,"featured_media":0,"parent":0,"menu_order":0,"comment_status":"closed","ping_status":"open","template":"page-templates\/homepage.php","meta":[],"yoast_head":"<!-- This site is optimized with the Yoast SEO plugin v15.1.1 - https:\/\/yoast.com\/wordpress\/plugins\/seo\/ -->\r\n<title>\u00dcber mich - HiFi-Workshop<\/title>\r\n<meta name=\"description\" content=\"safe_mode = offHiFi-Workshop.com - HiFi Werkstatt Linz, \u00d6sterreich, HiFi-Reparatur, HiFi-Service, Ober\u00f6sterreich\" \/>\r\n<meta name=\"robots\" content=\"index, follow, max-snippet:-1, max-image-preview:large, max-video-preview:-1\" \/>\r\n<link rel=\"canonical\" href=\"https:\/\/www.hifi-workshop.com\/?page_id=2\" \/>\r\n<meta property=\"og:locale\" content=\"de_DE\" \/>\r\n<meta property=\"og:type\" content=\"article\" \/>\r\n<meta property=\"og:title\" content=\"\u00dcber mich - HiFi-Workshop\" \/>\r\n<meta property=\"og:description\" content=\"safe_mode = offHiFi-Workshop.com - HiFi Werkstatt Linz, \u00d6sterreich, HiFi-Reparatur, HiFi-Service, Ober\u00f6sterreich\" \/>\r\n<meta property=\"og:url\" content=\"https:\/\/www.hifi-workshop.com\/?page_id=2\" \/>\r\n<meta property=\"og:site_name\" content=\"HiFi-Workshop\" \/>\r\n<meta property=\"article:modified_time\" content=\"2026-04-02T16:06:58+00:00\" \/>\r\n<meta name=\"twitter:card\" content=\"summary_large_image\" \/>\r\n<script type=\"application\/ld+json\" class=\"yoast-schema-graph\">{\"@context\":\"https:\/\/schema.org\",\"@graph\":[{\"@type\":\"WebSite\",\"@id\":\"https:\/\/www.hifi-workshop.com\/#website\",\"url\":\"https:\/\/www.hifi-workshop.com\/\",\"name\":\"HiFi-Workshop\",\"description\":\"HiFi Reparatur und Service\",\"potentialAction\":[{\"@type\":\"SearchAction\",\"target\":\"https:\/\/www.hifi-workshop.com\/?s={search_term_string}\",\"query-input\":\"required name=search_term_string\"}],\"inLanguage\":\"de\"},{\"@type\":\"WebPage\",\"@id\":\"https:\/\/www.hifi-workshop.com\/?page_id=2#webpage\",\"url\":\"https:\/\/www.hifi-workshop.com\/?page_id=2\",\"name\":\"\\u00dcber mich - HiFi-Workshop\",\"isPartOf\":{\"@id\":\"https:\/\/www.hifi-workshop.com\/#website\"},\"datePublished\":\"2016-05-10T03:48:21+00:00\",\"dateModified\":\"2026-04-02T16:06:58+00:00\",\"description\":\"safe_mode = offHiFi-Workshop.com - HiFi Werkstatt Linz, \\u00d6sterreich, HiFi-Reparatur, HiFi-Service, Ober\\u00f6sterreich\",\"inLanguage\":\"de\",\"potentialAction\":[{\"@type\":\"ReadAction\",\"target\":[\"https:\/\/www.hifi-workshop.com\/?page_id=2\"]}]}]}<\/script>\r\n<!-- \/ Yoast SEO plugin. -->","_links":{"self":[{"href":"https:\/\/www.hifi-workshop.com\/index.php?rest_route=\/wp\/v2\/pages\/2"}],"collection":[{"href":"https:\/\/www.hifi-workshop.com\/index.php?rest_route=\/wp\/v2\/pages"}],"about":[{"href":"https:\/\/www.hifi-workshop.com\/index.php?rest_route=\/wp\/v2\/types\/page"}],"author":[{"embeddable":true,"href":"https:\/\/www.hifi-workshop.com\/index.php?rest_route=\/wp\/v2\/users\/1"}],"replies":[{"embeddable":true,"href":"https:\/\/www.hifi-workshop.com\/index.php?rest_route=%2Fwp%2Fv2%2Fcomments&post=2"}],"version-history":[{"count":35,"href":"https:\/\/www.hifi-workshop.com\/index.php?rest_route=\/wp\/v2\/pages\/2\/revisions"}],"predecessor-version":[{"id":1682,"href":"https:\/\/www.hifi-workshop.com\/index.php?rest_route=\/wp\/v2\/pages\/2\/revisions\/1682"}],"wp:attachment":[{"href":"https:\/\/www.hifi-workshop.com\/index.php?rest_route=%2Fwp%2Fv2%2Fmedia&parent=2"}],"curies":[{"name":"wp","href":"https:\/\/api.w.org\/{rel}","templated":true}]}}