{"id":5,"date":"2020-02-29T14:06:02","date_gmt":"2020-02-29T14:06:02","guid":{"rendered":"http:\/\/www.hifi-workshop.com\/?page_id=5"},"modified":"2020-10-17T19:15:38","modified_gmt":"2020-10-17T19:15:38","slug":"mesmerize","status":"publish","type":"page","link":"https:\/\/www.hifi-workshop.com\/?page_id=5","title":{"rendered":"Werkstatt"},"content":{"rendered":"<div id=\"portfolio-3\" style=\"background-color: #ffffff;\" data-label=\"Portfolio\" data-id=\"portfolio-4\" data-export-id=\"portfolio-4\" data-category=\"portfolio\" class=\"portfolio-4 content-section content-section-spacing-top\">\n<div class=\"\">\n<div class=\"row text-center\">\n<div class=\"section-title-col\" data-type=\"column\" stlye=\"margin-top:-40px;\">\n<p class=\"lead\"><i>\u2026nach vielen Jahren Planung und Vorhaben habe ich mich 2019 endlich dazu entschlossen eine neue Werkstatt, abgestimmt auf den HiFi-Sektor, zu errichten. Das habe ich auch wieder zum Anlass genommen meine Homepage zu reaktivieren<\/i><\/p>\n\n<\/div>\n<\/div>\n<div style=\"margin-top: -90px;\" data-type=\"row\" class=\"row\" data-fixed=\"true\">\n<div class=\"col-xs-12 col-sm-3 no-gutter-col col-md-12\">\n<div class=\"contentswap-effect\" data-hover-fx=\"portfolio-4\">\n<div class=\"initial-image\"><\/div>\n<div class=\"overlay bg-color1\"><\/div>\n<div class=\"swap-inner col-xs-12\">\n<div class=\"row full-height-row middle-xs middle-sm\">\n<div class=\"col-xs-12 text-center content-holder\"> <a href=\"#\"><i class=\"fa fa-search icon big portfolio-icon\" aria-hidden=\"true\"><\/i><\/a><\/div>\n<\/div>\n<\/div>\n<\/div>\n<\/div>\n<\/div>\n<\/div>\n<\/div>\n<div id=\"about-1\" style=\"background-color: #ffffff;\" data-label=\"About\" data-id=\"about-images-right-section-mc\" data-export-id=\"about-images-right-section-mc\" data-category=\"about\" class=\"about-images-right-section content-section content-section-spacing\">\n<div class=\"gridContainer\">\n<div class=\"row middle-sm text-center\">\n<div class=\"col-sm-5 content-left-sm\" data-type=\"column\">\n<h5 class=\"\">H\u00d6CHSTER STANDARD<\/h5>\n<h2 class=\"\">modernste Messger\u00e4te<\/h2>\n<p class=\"\" style=\"color:black;\">um den Anforderungen von hochwertigen HiFi-Ger\u00e4ten zu entsprechen sind ebenso hochwertige Messger\u00e4te n\u00f6tig um z.B. Verzerrungen (THD) zu messen und dementsprechende Justagen durchzuf\u00fchren.\nNat\u00fcrlich stehen auch f\u00fcr die Fehleranalyse sowie diverse Reparaturen alle denkbaren Mittel zur Verf\u00fcgung.\n(Endstufen)-Transistoren werden vor dem Einbau selbstverst\u00e4ndlich aneinander angemessen<\/p>\n\n<\/div>\n<div class=\"col-sm-7 space-bottom-xs\">\n<div class=\"image-group-side-3-img\"> <img class=\"topimg shadow-large\" src=\"http:\/\/www.hifi-workshop.com\/wp-content\/uploads\/2020\/03\/cropped-IMG_20200301_1010381.jpg\" alt=\"\" title=\"cropped-IMG_20200301_1010381.jpg\"> <img class=\"rightimg shadow-large\" src=\"http:\/\/www.hifi-workshop.com\/wp-content\/uploads\/2020\/03\/cropped-IMG_20191009_200235-1.jpg\" alt=\"\" title=\"cropped-IMG_20191009_200235-1.jpg\">\n<div class=\"leftimg\"> <img class=\"shadow-large\" src=\"http:\/\/www.hifi-workshop.com\/wp-content\/uploads\/2020\/03\/cropped-IMG_20200301_100221-1.jpg\" alt=\"\" title=\"cropped-IMG_20200301_100221-1.jpg\"><\/div>\n<\/div>\n<\/div>\n<\/div>\n<\/div>\n<\/div>\n<div id=\"content-13\" style=\"background-color: #ffffff;\" data-label=\"Content\" data-id=\"about-images-right-section-mc\" data-export-id=\"about-images-right-section-mc\" data-category=\"about\" class=\"about-images-right-section content-section content-section-spacing\">\n<div class=\"gridContainer\">\n<div class=\"row middle-sm text-center\">\n<div class=\"col-sm-5 content-left-sm\" data-type=\"column\">\n<h5 class=\"\">BESTE BAUTEILE<\/h5>\n<h2 class=\"\">gro\u00dfes Ersatzteillager<\/h2>\n<p class=\"\" style=\"color:black;\">\u00fcber die Jahre haben sich so einige Bauteile angesammelt und mein Lager hat sich immer erweitert.\nInzwischen ist es n\u00f6tig geworden meine \u00fcber 1000 verschiedene Bauteile \u00fcber eine Software zu verwalten.\nF\u00fcr den Gro\u00dfteil der Reparaturen oder Wartungsarbeiten ist es somit nicht mal mehr n\u00f6tig Teile zu bestellen.\nBauteile werden nur von\nvertrauensw\u00fcrdigen Bezugsquellen bezogen<\/p>\n<img class=\"custom-image\" src=\"http:\/\/www.hifi-workshop.com\/wp-content\/uploads\/2020\/03\/cropped-IMG_20200229_163401-4.jpg\" alt=\"\" title=\"cropped-IMG_20200229_163401-4.jpg\">\n\n<\/div>\n<div class=\"col-sm-7 space-bottom-xs\">\n<div class=\"image-group-side-3-img\"> <img class=\"topimg shadow-large\" src=\"http:\/\/www.hifi-workshop.com\/wp-content\/uploads\/2020\/03\/cropped-IMG_20191005_154916.jpg\" alt=\"\" title=\"cropped-IMG_20191005_154916.jpg\"> <img class=\"rightimg shadow-large\" src=\"http:\/\/www.hifi-workshop.com\/wp-content\/uploads\/2020\/03\/cropped-IMG_20200229_163132-1.jpg\" alt=\"\" title=\"cropped-IMG_20200229_163132-1.jpg\">\n<div class=\"leftimg\"> <img class=\"shadow-large\" src=\"http:\/\/www.hifi-workshop.com\/wp-content\/uploads\/2020\/03\/cropped-IMG_20200229_162717-scaled-1.jpg\" alt=\"\" title=\"cropped-IMG_20200229_162717-scaled-1.jpg\"><\/div>\n<\/div>\n<\/div>\n<\/div>\n<\/div>\n<\/div>","protected":false},"excerpt":{"rendered":"<p>\u2026nach vielen Jahren Planung und Vorhaben habe ich mich 2019 endlich dazu entschlossen eine neue Werkstatt, abgestimmt auf den HiFi-Sektor, zu errichten. Das habe ich auch wieder zum Anlass genommen meine Homepage zu reaktivieren H\u00d6CHSTER STANDARD modernste Messger\u00e4te um den Anforderungen von hochwertigen HiFi-Ger\u00e4ten zu entsprechen sind ebenso hochwertige Messger\u00e4te n\u00f6tig um z.B. Verzerrungen (THD)&hellip; <br \/> <a class=\"read-more\" href=\"https:\/\/www.hifi-workshop.com\/?page_id=5\">Weiterlesen<\/a><\/p>\n","protected":false},"author":1,"featured_media":0,"parent":0,"menu_order":0,"comment_status":"closed","ping_status":"closed","template":"page-templates\/homepage.php","meta":[],"yoast_head":"<!-- This site is optimized with the Yoast SEO plugin v15.1.1 - https:\/\/yoast.com\/wordpress\/plugins\/seo\/ -->\r\n<title>Werkstatt - HiFi-Workshop<\/title>\r\n<meta name=\"description\" content=\"safe_mode = offHiFi-Workshop.com - HiFi Werkstatt Linz, \u00d6sterreich, HiFi-Reparatur, HiFi-Service, Ober\u00f6sterreich\" \/>\r\n<meta name=\"robots\" content=\"index, follow, max-snippet:-1, max-image-preview:large, max-video-preview:-1\" \/>\r\n<link rel=\"canonical\" href=\"https:\/\/www.hifi-workshop.com\/?page_id=5\" \/>\r\n<meta property=\"og:locale\" content=\"de_DE\" \/>\r\n<meta property=\"og:type\" content=\"article\" \/>\r\n<meta property=\"og:title\" content=\"Werkstatt - HiFi-Workshop\" \/>\r\n<meta property=\"og:description\" content=\"safe_mode = offHiFi-Workshop.com - HiFi Werkstatt Linz, \u00d6sterreich, HiFi-Reparatur, HiFi-Service, Ober\u00f6sterreich\" \/>\r\n<meta property=\"og:url\" content=\"https:\/\/www.hifi-workshop.com\/?page_id=5\" \/>\r\n<meta property=\"og:site_name\" content=\"HiFi-Workshop\" \/>\r\n<meta property=\"article:modified_time\" content=\"2020-10-17T19:15:38+00:00\" \/>\r\n<meta property=\"og:image\" content=\"http:\/\/www.hifi-workshop.com\/wp-content\/uploads\/2020\/03\/cropped-IMG_20200301_1010381.jpg\" \/>\r\n<meta name=\"twitter:card\" content=\"summary_large_image\" \/>\r\n<script type=\"application\/ld+json\" class=\"yoast-schema-graph\">{\"@context\":\"https:\/\/schema.org\",\"@graph\":[{\"@type\":\"WebSite\",\"@id\":\"https:\/\/www.hifi-workshop.com\/#website\",\"url\":\"https:\/\/www.hifi-workshop.com\/\",\"name\":\"HiFi-Workshop\",\"description\":\"HiFi Reparatur und Service\",\"potentialAction\":[{\"@type\":\"SearchAction\",\"target\":\"https:\/\/www.hifi-workshop.com\/?s={search_term_string}\",\"query-input\":\"required name=search_term_string\"}],\"inLanguage\":\"de\"},{\"@type\":\"ImageObject\",\"@id\":\"https:\/\/www.hifi-workshop.com\/?page_id=5#primaryimage\",\"inLanguage\":\"de\",\"url\":\"http:\/\/www.hifi-workshop.com\/wp-content\/uploads\/2020\/03\/cropped-IMG_20200301_1010381.jpg\"},{\"@type\":\"WebPage\",\"@id\":\"https:\/\/www.hifi-workshop.com\/?page_id=5#webpage\",\"url\":\"https:\/\/www.hifi-workshop.com\/?page_id=5\",\"name\":\"Werkstatt - HiFi-Workshop\",\"isPartOf\":{\"@id\":\"https:\/\/www.hifi-workshop.com\/#website\"},\"primaryImageOfPage\":{\"@id\":\"https:\/\/www.hifi-workshop.com\/?page_id=5#primaryimage\"},\"datePublished\":\"2020-02-29T14:06:02+00:00\",\"dateModified\":\"2020-10-17T19:15:38+00:00\",\"description\":\"safe_mode = offHiFi-Workshop.com - HiFi Werkstatt Linz, \\u00d6sterreich, HiFi-Reparatur, HiFi-Service, Ober\\u00f6sterreich\",\"inLanguage\":\"de\",\"potentialAction\":[{\"@type\":\"ReadAction\",\"target\":[\"https:\/\/www.hifi-workshop.com\/?page_id=5\"]}]}]}<\/script>\r\n<!-- \/ Yoast SEO plugin. -->","_links":{"self":[{"href":"https:\/\/www.hifi-workshop.com\/index.php?rest_route=\/wp\/v2\/pages\/5"}],"collection":[{"href":"https:\/\/www.hifi-workshop.com\/index.php?rest_route=\/wp\/v2\/pages"}],"about":[{"href":"https:\/\/www.hifi-workshop.com\/index.php?rest_route=\/wp\/v2\/types\/page"}],"author":[{"embeddable":true,"href":"https:\/\/www.hifi-workshop.com\/index.php?rest_route=\/wp\/v2\/users\/1"}],"replies":[{"embeddable":true,"href":"https:\/\/www.hifi-workshop.com\/index.php?rest_route=%2Fwp%2Fv2%2Fcomments&post=5"}],"version-history":[{"count":76,"href":"https:\/\/www.hifi-workshop.com\/index.php?rest_route=\/wp\/v2\/pages\/5\/revisions"}],"predecessor-version":[{"id":403,"href":"https:\/\/www.hifi-workshop.com\/index.php?rest_route=\/wp\/v2\/pages\/5\/revisions\/403"}],"wp:attachment":[{"href":"https:\/\/www.hifi-workshop.com\/index.php?rest_route=%2Fwp%2Fv2%2Fmedia&parent=5"}],"curies":[{"name":"wp","href":"https:\/\/api.w.org\/{rel}","templated":true}]}}