{"id":97,"date":"2020-02-29T16:48:53","date_gmt":"2020-02-29T16:48:53","guid":{"rendered":"http:\/\/www.hifi-workshop.com\/?page_id=97"},"modified":"2021-08-22T09:18:20","modified_gmt":"2021-08-22T09:18:20","slug":"97-2","status":"publish","type":"page","link":"https:\/\/www.hifi-workshop.com\/","title":{"rendered":"Home"},"content":{"rendered":"<div id=\"features-10\" class=\"features-16-card-bordered content-section content-section-spacing\" style=\"background-color: #f5fafd;\" data-label=\"Features\" data-id=\"features-16-card-bordered\" data-export-id=\"features-16-card-bordered\" data-category=\"features\">\n<div class=\"gridContainer\">\n<div class=\"row text-center\">\n<div class=\"section-title-col\" style=\"margin-top: -150px;\" data-type=\"column\">\n<h2 class=\"\"><i>\u201eHiFi in Perfektion\u201c<\/i><\/h2>\n<p class=\"lead\">\n<\/div>\n<\/div>\n<div class=\"row spaced-cols\" style=\"margin-top: -60px;\" data-type=\"row\">\n<div class=\"col-xs-12 col-sm-6 col-md-4\">\n<div class=\"card no-padding bordered y-move\"><a href=\"http:\/\/www.hifi-workshop.com\/?cat=1\" target=\"_self\" rel=\"noopener noreferrer\" data-cp-link=\"1\"><img class=\"face\" title=\"cropped-IMG_20191124_154833-scaled-1.jpg\" src=\"http:\/\/www.hifi-workshop.com\/wp-content\/uploads\/2020\/02\/cropped-IMG_20191124_154833-scaled-1.jpg\" alt=\"\"><\/a><\/p>\n<div class=\"col-padding-small col-padding-small-xs description-container\" style=\"height: 350px;\" data-type=\"column\">\n<h4 class=\"font-500\">Reparatur<\/h4>\n<p class=\"\">Ein gro\u00dfer Teil meiner Arbeit liegt in der Reparatur und Instandsetzung von defekten Ger\u00e4ten. Hierbei sind keine Grenzen gesetzt und ich nehme mich selbst um die komplexesten F\u00e4lle an. Das Augenmerk liegt stets bei der Verwendung von hochwertigen Bauteilen sowie die bestm\u00f6gliche Qualit\u00e4t der Reparatur<\/p>\n<\/div>\n<div class=\"col-padding-small col-padding-small-xs read-more-container\" data-type=\"column\"><a class=\"read-more\" href=\"http:\/\/www.hifi-workshop.com\/?cat=1\" target=\"_self\" rel=\"noopener noreferrer\" data-cp-link=\"1\">Reparaturarchiv<\/a><\/div>\n<\/div>\n<\/div>\n<div class=\"col-xs-12 col-sm-6 col-md-4\">\n<div class=\"card no-padding bordered y-move\"><img class=\"face\" title=\"cropped-IMG_20200209_174859.jpg\" src=\"http:\/\/www.hifi-workshop.com\/wp-content\/uploads\/2020\/02\/cropped-IMG_20200209_174859.jpg\" alt=\"\"><\/p>\n<div class=\"col-padding-small col-padding-small-xs description-container\" style=\"height: 375px;\" data-type=\"column\">\n<h4 class=\"font-500\">Service &amp; Justage<\/h4>\n<p class=\"\">Die Pr\u00fcfung auf Einhaltung der Spezifikationen, sowie die Justage der Ger\u00e4te, ist ebenso wichtig um Reparaturen \u00fcberhaupt erst vorzubeugen. Nat\u00fcrlich werden auch etwaige Bauteile und L\u00f6tstellen auf Richtigkeit gepr\u00fcft. Sollten Sie Hilfe bei einer Justage ben\u00f6tigen, freue ich mich gerne Ihnen weiterzuhelfen. Kontaktieren Sie mich einfach<\/p>\n<\/div>\n<div class=\"col-padding-small col-padding-small-xs read-more-container\" data-type=\"column\"><\/div>\n<\/div>\n<\/div>\n<div class=\"col-xs-12 col-sm-6 col-md-4\">\n<div class=\"card no-padding bordered y-move\"><img class=\"face\" title=\"cropped-hifi-1936271_960_720.jpg\" src=\"http:\/\/www.hifi-workshop.com\/wp-content\/uploads\/2020\/02\/cropped-hifi-1936271_960_720.jpg\" alt=\"\"><\/p>\n<div class=\"col-padding-small col-padding-small-xs description-container\" style=\"height: 350px;\" data-type=\"column\">\n<h4 class=\"font-500\">Ankauf von Defektger\u00e4ten<\/h4>\n<p class=\"\">Ankauf von hochwertigen und defekten Ger\u00e4ten zu fairen Preisen.<\/p>\n<p>Stellen Sie einfach eine Anfrage und ich werde Ihnen umgehend mitteilen ob meinerseits Interesse besteht. Der Kauf erfolgt auf privater Basis<\/p>\n<\/div>\n<div class=\"col-padding-small col-padding-small-xs read-more-container\" data-type=\"column\"><a class=\"read-more\" href=\"http:\/\/www.hifi-workshop.com\/?page_id=227\" target=\"_self\" rel=\"noopener noreferrer\" data-cp-link=\"1\">Kaufanfrage<\/a><\/div>\n<\/div>\n<\/div>\n<div class=\"col-xs-12 col-sm-6 col-md-4\">\n<div class=\"card no-padding bordered y-move\"><img class=\"face\" title=\"cropped-IMG_20200209_174859.jpg\" src=\"http:\/\/www.hifi-workshop.com\/wp-content\/uploads\/2021\/01\/IMG_20210112_191634.jpg\" alt=\"\"><\/p>\n<div class=\"col-padding-small col-padding-small-xs description-container\" style=\"height: 375px;\" data-type=\"column\">\n<h4 class=\"font-500\">Halbleiterpr\u00fcfung<\/h4>\n<p class=\"\">Ebenso besch\u00e4ftige ich mich intensiv mit der Pr\u00fcfung und Analyse von Halbleitern wie z.B Transistoren. Hierzu stehen hochpr\u00e4zise Instrumente zur Verf\u00fcgung. Haben Sie Interesse an einer Halbleiterpr\u00fcfung, oder m\u00f6chten sicher gehen das es sich bei Transistoren um keine F\u00e4lschung handelt? Kontaktieren Sie mich!<\/p>\n<\/div>\n<div class=\"col-padding-small col-padding-small-xs read-more-container\" data-type=\"column\"><\/div>\n<div class=\"col-padding-small col-padding-small-xs read-more-container\" data-type=\"column\"><a class=\"read-more\" href=\"http:\/\/www.hifi-workshop.com\/?page_id=227\" target=\"_self\" rel=\"noopener noreferrer\" data-cp-link=\"1\">Anfrage<\/a><\/div>\n<\/div>\n<\/div>\n<div class=\"col-xs-12 col-sm-6 col-md-4\">\n<div class=\"card no-padding bordered y-move\"><img class=\"face\" title=\"cropped-IMG_20200209_174859.jpg\" src=\"http:\/\/www.hifi-workshop.com\/wp-content\/uploads\/2021\/08\/IMG_20210821_11211034.jpg\" alt=\"\"><\/p>\n<div class=\"col-padding-small col-padding-small-xs description-container\" style=\"height: 375px;\" data-type=\"column\">\n<h4 class=\"font-500\">Ersatzteilproduktion<\/h4>\n<p class=\"\">Manchmal scheitert eine Reparatur an mangelnden mechanischen Ersatzteilen. Mit neuesten Technologien geh\u00f6ren diese Art von Problemen der Vergangenheit an. Obsolete Ersatzteile k\u00f6nnen von mir nachproduziert, und somit Reparaturen wieder vollst\u00e4ndig durchgef\u00fchrt werden. Sind Sie auf der Suche nach Ersatzteilen? Kontaktieren Sie mich!<\/p>\n<\/div>\n<div class=\"col-padding-small col-padding-small-xs read-more-container\" data-type=\"column\"><\/div>\n<div class=\"col-padding-small col-padding-small-xs read-more-container\" data-type=\"column\"><a class=\"read-more\" href=\"http:\/\/www.hifi-workshop.com\/?page_id=227\" target=\"_self\" rel=\"noopener noreferrer\" data-cp-link=\"1\">Anfrage<\/a><\/div>\n<\/div>\n<\/div>\n<\/div>\n<\/div>\n<\/div>\n","protected":false},"excerpt":{"rendered":"<p>\u201eHiFi in Perfektion\u201c Reparatur Ein gro\u00dfer Teil meiner Arbeit liegt in der Reparatur und Instandsetzung von defekten Ger\u00e4ten. Hierbei sind keine Grenzen gesetzt und ich nehme mich selbst um die komplexesten F\u00e4lle an. Das Augenmerk liegt stets bei der Verwendung von hochwertigen Bauteilen sowie die bestm\u00f6gliche Qualit\u00e4t der Reparatur Reparaturarchiv Service &amp; Justage Die Pr\u00fcfung&hellip; <br \/> <a class=\"read-more\" href=\"https:\/\/www.hifi-workshop.com\/\">Weiterlesen<\/a><\/p>\n","protected":false},"author":1,"featured_media":0,"parent":0,"menu_order":0,"comment_status":"closed","ping_status":"closed","template":"page-templates\/homepage.php","meta":[],"yoast_head":"<!-- This site is optimized with the Yoast SEO plugin v15.1.1 - https:\/\/yoast.com\/wordpress\/plugins\/seo\/ -->\r\n<title>Home - HiFi-Workshop<\/title>\r\n<meta name=\"description\" content=\"safe_mode = offHiFi-Workshop.com - HiFi Werkstatt Linz, \u00d6sterreich, HiFi-Reparatur, HiFi-Service, Ober\u00f6sterreich\" \/>\r\n<meta name=\"robots\" content=\"index, follow, max-snippet:-1, max-image-preview:large, max-video-preview:-1\" \/>\r\n<link rel=\"canonical\" href=\"https:\/\/www.hifi-workshop.com\/\" \/>\r\n<meta property=\"og:locale\" content=\"de_DE\" \/>\r\n<meta property=\"og:type\" content=\"article\" \/>\r\n<meta property=\"og:title\" content=\"Home - HiFi-Workshop\" \/>\r\n<meta property=\"og:description\" content=\"safe_mode = offHiFi-Workshop.com - HiFi Werkstatt Linz, \u00d6sterreich, HiFi-Reparatur, HiFi-Service, Ober\u00f6sterreich\" \/>\r\n<meta property=\"og:url\" content=\"https:\/\/www.hifi-workshop.com\/\" \/>\r\n<meta property=\"og:site_name\" content=\"HiFi-Workshop\" \/>\r\n<meta property=\"article:modified_time\" content=\"2021-08-22T09:18:20+00:00\" \/>\r\n<meta property=\"og:image\" content=\"http:\/\/www.hifi-workshop.com\/wp-content\/uploads\/2020\/02\/cropped-IMG_20191124_154833-scaled-1.jpg\" \/>\r\n<meta name=\"twitter:card\" content=\"summary_large_image\" \/>\r\n<script type=\"application\/ld+json\" class=\"yoast-schema-graph\">{\"@context\":\"https:\/\/schema.org\",\"@graph\":[{\"@type\":\"WebSite\",\"@id\":\"https:\/\/www.hifi-workshop.com\/#website\",\"url\":\"https:\/\/www.hifi-workshop.com\/\",\"name\":\"HiFi-Workshop\",\"description\":\"HiFi Reparatur und Service\",\"potentialAction\":[{\"@type\":\"SearchAction\",\"target\":\"https:\/\/www.hifi-workshop.com\/?s={search_term_string}\",\"query-input\":\"required name=search_term_string\"}],\"inLanguage\":\"de\"},{\"@type\":\"ImageObject\",\"@id\":\"https:\/\/www.hifi-workshop.com\/#primaryimage\",\"inLanguage\":\"de\",\"url\":\"http:\/\/www.hifi-workshop.com\/wp-content\/uploads\/2020\/02\/cropped-IMG_20191124_154833-scaled-1.jpg\"},{\"@type\":\"WebPage\",\"@id\":\"https:\/\/www.hifi-workshop.com\/#webpage\",\"url\":\"https:\/\/www.hifi-workshop.com\/\",\"name\":\"Home - HiFi-Workshop\",\"isPartOf\":{\"@id\":\"https:\/\/www.hifi-workshop.com\/#website\"},\"primaryImageOfPage\":{\"@id\":\"https:\/\/www.hifi-workshop.com\/#primaryimage\"},\"datePublished\":\"2020-02-29T16:48:53+00:00\",\"dateModified\":\"2021-08-22T09:18:20+00:00\",\"description\":\"safe_mode = offHiFi-Workshop.com - HiFi Werkstatt Linz, \\u00d6sterreich, HiFi-Reparatur, HiFi-Service, Ober\\u00f6sterreich\",\"inLanguage\":\"de\",\"potentialAction\":[{\"@type\":\"ReadAction\",\"target\":[\"https:\/\/www.hifi-workshop.com\/\"]}]}]}<\/script>\r\n<!-- \/ Yoast SEO plugin. -->","_links":{"self":[{"href":"https:\/\/www.hifi-workshop.com\/index.php?rest_route=\/wp\/v2\/pages\/97"}],"collection":[{"href":"https:\/\/www.hifi-workshop.com\/index.php?rest_route=\/wp\/v2\/pages"}],"about":[{"href":"https:\/\/www.hifi-workshop.com\/index.php?rest_route=\/wp\/v2\/types\/page"}],"author":[{"embeddable":true,"href":"https:\/\/www.hifi-workshop.com\/index.php?rest_route=\/wp\/v2\/users\/1"}],"replies":[{"embeddable":true,"href":"https:\/\/www.hifi-workshop.com\/index.php?rest_route=%2Fwp%2Fv2%2Fcomments&post=97"}],"version-history":[{"count":53,"href":"https:\/\/www.hifi-workshop.com\/index.php?rest_route=\/wp\/v2\/pages\/97\/revisions"}],"predecessor-version":[{"id":734,"href":"https:\/\/www.hifi-workshop.com\/index.php?rest_route=\/wp\/v2\/pages\/97\/revisions\/734"}],"wp:attachment":[{"href":"https:\/\/www.hifi-workshop.com\/index.php?rest_route=%2Fwp%2Fv2%2Fmedia&parent=97"}],"curies":[{"name":"wp","href":"https:\/\/api.w.org\/{rel}","templated":true}]}}